{"id":52,"date":"2023-05-14T20:22:23","date_gmt":"2023-05-14T20:22:23","guid":{"rendered":"https:\/\/landing.cloud.egactivecosmetics.com\/cookie-policy\/"},"modified":"2023-05-14T20:31:24","modified_gmt":"2023-05-14T20:31:24","slug":"cookie-policy","status":"publish","type":"page","link":"https:\/\/landing.cloud.egactivecosmetics.com\/es\/cookie-policy\/","title":{"rendered":"Pol\u00edtica de cookies"},"content":{"rendered":"<p>\n    Fecha de Vigencia: 14-Mayo-2023 <br \/>\n    \u00daltima Actualizaci\u00f3n: 14-Mayo-2023\n<\/p>\n<p>\u00a0<\/p>\n<h5>\u00bfQu\u00e9 son las cookies?<\/h5>\n<div class=\"cookie-policy-p\">\n<p>Esta Pol\u00edtica de Cookies explica qu\u00e9 son las cookies y c\u00f3mo las usamos, los tipos de cookies que usamos, es decir, la informaci\u00f3n que recopilamos usando cookies y c\u00f3mo se usa esa informaci\u00f3n, y c\u00f3mo gestionar la configuraci\u00f3n de las cookies.<\/p>\n<p>Las cookies son peque\u00f1os archivos de texto que se utilizan para almacenar peque\u00f1as piezas de informaci\u00f3n. Se almacenan en tu dispositivo cuando se carga el sitio web en tu navegador. Estas cookies nos ayudan a hacer que el sitio web funcione correctamente, a hacerlo m\u00e1s seguro, a proporcionar una mejor experiencia de usuario y a entender c\u00f3mo se desempe\u00f1a el sitio web y a analizar qu\u00e9 funciona y d\u00f3nde necesita mejorar.<\/p>\n<\/div>\n<p>\u00a0<\/p>\n<h5>\u00bfC\u00f3mo usamos las cookies?<\/h5>\n<div class=\"cookie-policy-p\">\n<p>Como la mayor\u00eda de los servicios en l\u00ednea, nuestro sitio web utiliza cookies propias y de terceros para varios prop\u00f3sitos. Las cookies propias son principalmente necesarias para que el sitio web funcione de la manera correcta, y no recopilan ninguno de tus datos personales identificables.<\/p>\n<p>Las cookies de terceros que se utilizan en nuestro sitio web son principalmente para entender c\u00f3mo se desempe\u00f1a el sitio web, c\u00f3mo interact\u00faas con nuestro sitio web, mantener nuestros servicios seguros, proporcionar anuncios que son relevantes para ti, y en general para proporcionarte una mejor y mejorada experiencia de usuario y ayudar a acelerar tus futuras interacciones con nuestro sitio web.<\/p>\n<\/div>\n<p> \u00a0<\/p>\n<h5>Tipos de Cookies que utilizamos<\/h5>\n<div class=\"cky-audit-table-element\"><\/div>\n<p>\u00a0<\/p>\n<h5 style=\"margin-bottom:20px;\">Gestionar las preferencias de cookies<\/h5>\n<p><a class=\"cky-banner-element\">Configuraci\u00f3n de Cookies<\/a> <\/p>\n<div>\n<p>Puedes cambiar tus preferencias de cookies en cualquier momento haciendo clic en el bot\u00f3n de arriba. Esto te permitir\u00e1 revisar de nuevo el banner de consentimiento de cookies y cambiar tus preferencias o retirar tu consentimiento de inmediato. <\/p>\n<p>Adem\u00e1s de esto, diferentes navegadores proporcionan diferentes m\u00e9todos para bloquear y eliminar las cookies utilizadas por los sitios web. Puedes cambiar la configuraci\u00f3n de tu navegador para bloquear\/eliminar las cookies. A continuaci\u00f3n se presentan los enlaces a los documentos de soporte sobre c\u00f3mo gestionar y eliminar cookies de los principales navegadores web.<\/p>\n<p>Chrome: <a href=\"https:\/\/support.google.com\/accounts\/answer\/32050\" target=\"_blank\" rel=\"noopener\">https:\/\/support.google.com\/accounts\/answer\/32050<\/a><\/p>\n<p>Safari: <a href=\"https:\/\/support.apple.com\/es-es\/guide\/safari\/sfri11471\/mac\" target=\"_blank\" rel=\"noopener\">https:\/\/support.apple.com\/es-es\/guide\/safari\/sfri11471\/mac<\/a><\/p>\n<p>Firefox: <a href=\"https:\/\/support.mozilla.org\/es\/kb\/eliminar-cookies-para-eliminar-la-informacion-guardada\" target=\"_blank\" rel=\"noopener\">https:\/\/support.mozilla.org\/es\/kb\/eliminar-co<\/p>\n","protected":false},"excerpt":{"rendered":"<p>Fecha de Vigencia: 14-Mayo-2023 \u00daltima Actualizaci\u00f3n: 14-Mayo-2023 \u00a0 \u00bfQu\u00e9 son las cookies? Esta Pol\u00edtica de Cookies explica qu\u00e9 son las cookies y c\u00f3mo las usamos, los tipos de cookies que usamos, es decir, la informaci\u00f3n que recopilamos usando cookies y c\u00f3mo se usa esa informaci\u00f3n, y c\u00f3mo gestionar la configuraci\u00f3n de las cookies. Las cookies [&hellip;]<\/p>\n","protected":false},"author":1,"featured_media":0,"parent":0,"menu_order":0,"comment_status":"closed","ping_status":"closed","template":"","meta":{"footnotes":""},"class_list":["post-52","page","type-page","status-publish","hentry"],"acf":[],"yoast_head":"<!-- This site is optimized with the Yoast SEO plugin v20.12 - https:\/\/yoast.com\/wordpress\/plugins\/seo\/ -->\n<title>Pol\u00edtica de cookies - EG Active Cloud<\/title>\n<meta name=\"robots\" content=\"noindex, nofollow\" \/>\n<meta property=\"og:locale\" content=\"es_ES\" \/>\n<meta property=\"og:type\" content=\"article\" \/>\n<meta property=\"og:title\" content=\"Pol\u00edtica de cookies - EG Active Cloud\" \/>\n<meta property=\"og:description\" content=\"Fecha de Vigencia: 14-Mayo-2023 \u00daltima Actualizaci\u00f3n: 14-Mayo-2023 \u00a0 \u00bfQu\u00e9 son las cookies? Esta Pol\u00edtica de Cookies explica qu\u00e9 son las cookies y c\u00f3mo las usamos, los tipos de cookies que usamos, es decir, la informaci\u00f3n que recopilamos usando cookies y c\u00f3mo se usa esa informaci\u00f3n, y c\u00f3mo gestionar la configuraci\u00f3n de las cookies. Las cookies [&hellip;]\" \/>\n<meta property=\"og:url\" content=\"https:\/\/landing.cloud.egactivecosmetics.com\/es\/cookie-policy\/\" \/>\n<meta property=\"og:site_name\" content=\"EG Active Cloud\" \/>\n<meta property=\"article:modified_time\" content=\"2023-05-14T20:31:24+00:00\" \/>\n<meta name=\"twitter:card\" content=\"summary_large_image\" \/>\n<meta name=\"twitter:label1\" content=\"Est. reading time\" \/>\n\t<meta name=\"twitter:data1\" content=\"2 minutes\" \/>\n<script type=\"application\/ld+json\" class=\"yoast-schema-graph\">{\"@context\":\"https:\/\/schema.org\",\"@graph\":[{\"@type\":\"WebPage\",\"@id\":\"https:\/\/landing.cloud.egactivecosmetics.com\/es\/cookie-policy\/\",\"url\":\"https:\/\/landing.cloud.egactivecosmetics.com\/es\/cookie-policy\/\",\"name\":\"Pol\u00edtica de cookies - EG Active Cloud\",\"isPartOf\":{\"@id\":\"https:\/\/landing.cloud.egactivecosmetics.com\/#website\"},\"datePublished\":\"2023-05-14T20:22:23+00:00\",\"dateModified\":\"2023-05-14T20:31:24+00:00\",\"breadcrumb\":{\"@id\":\"https:\/\/landing.cloud.egactivecosmetics.com\/es\/cookie-policy\/#breadcrumb\"},\"inLanguage\":\"es-ES\",\"potentialAction\":[{\"@type\":\"ReadAction\",\"target\":[\"https:\/\/landing.cloud.egactivecosmetics.com\/es\/cookie-policy\/\"]}]},{\"@type\":\"BreadcrumbList\",\"@id\":\"https:\/\/landing.cloud.egactivecosmetics.com\/es\/cookie-policy\/#breadcrumb\",\"itemListElement\":[{\"@type\":\"ListItem\",\"position\":1,\"name\":\"Home\",\"item\":\"https:\/\/landing.cloud.egactivecosmetics.com\/es\/home\/\"},{\"@type\":\"ListItem\",\"position\":2,\"name\":\"Pol\u00edtica de cookies\"}]},{\"@type\":\"WebSite\",\"@id\":\"https:\/\/landing.cloud.egactivecosmetics.com\/#website\",\"url\":\"https:\/\/landing.cloud.egactivecosmetics.com\/\",\"name\":\"EG Active Cloud\",\"description\":\"\",\"potentialAction\":[{\"@type\":\"SearchAction\",\"target\":{\"@type\":\"EntryPoint\",\"urlTemplate\":\"https:\/\/landing.cloud.egactivecosmetics.com\/?s={search_term_string}\"},\"query-input\":\"required name=search_term_string\"}],\"inLanguage\":\"es-ES\"}]}<\/script>\n<!-- \/ Yoast SEO plugin. -->","yoast_head_json":{"title":"Pol\u00edtica de cookies - EG Active Cloud","robots":{"index":"noindex","follow":"nofollow"},"og_locale":"es_ES","og_type":"article","og_title":"Pol\u00edtica de cookies - EG Active Cloud","og_description":"Fecha de Vigencia: 14-Mayo-2023 \u00daltima Actualizaci\u00f3n: 14-Mayo-2023 \u00a0 \u00bfQu\u00e9 son las cookies? Esta Pol\u00edtica de Cookies explica qu\u00e9 son las cookies y c\u00f3mo las usamos, los tipos de cookies que usamos, es decir, la informaci\u00f3n que recopilamos usando cookies y c\u00f3mo se usa esa informaci\u00f3n, y c\u00f3mo gestionar la configuraci\u00f3n de las cookies. Las cookies [&hellip;]","og_url":"https:\/\/landing.cloud.egactivecosmetics.com\/es\/cookie-policy\/","og_site_name":"EG Active Cloud","article_modified_time":"2023-05-14T20:31:24+00:00","twitter_card":"summary_large_image","twitter_misc":{"Est. reading time":"2 minutes"},"schema":{"@context":"https:\/\/schema.org","@graph":[{"@type":"WebPage","@id":"https:\/\/landing.cloud.egactivecosmetics.com\/es\/cookie-policy\/","url":"https:\/\/landing.cloud.egactivecosmetics.com\/es\/cookie-policy\/","name":"Pol\u00edtica de cookies - EG Active Cloud","isPartOf":{"@id":"https:\/\/landing.cloud.egactivecosmetics.com\/#website"},"datePublished":"2023-05-14T20:22:23+00:00","dateModified":"2023-05-14T20:31:24+00:00","breadcrumb":{"@id":"https:\/\/landing.cloud.egactivecosmetics.com\/es\/cookie-policy\/#breadcrumb"},"inLanguage":"es-ES","potentialAction":[{"@type":"ReadAction","target":["https:\/\/landing.cloud.egactivecosmetics.com\/es\/cookie-policy\/"]}]},{"@type":"BreadcrumbList","@id":"https:\/\/landing.cloud.egactivecosmetics.com\/es\/cookie-policy\/#breadcrumb","itemListElement":[{"@type":"ListItem","position":1,"name":"Home","item":"https:\/\/landing.cloud.egactivecosmetics.com\/es\/home\/"},{"@type":"ListItem","position":2,"name":"Pol\u00edtica de cookies"}]},{"@type":"WebSite","@id":"https:\/\/landing.cloud.egactivecosmetics.com\/#website","url":"https:\/\/landing.cloud.egactivecosmetics.com\/","name":"EG Active Cloud","description":"","potentialAction":[{"@type":"SearchAction","target":{"@type":"EntryPoint","urlTemplate":"https:\/\/landing.cloud.egactivecosmetics.com\/?s={search_term_string}"},"query-input":"required name=search_term_string"}],"inLanguage":"es-ES"}]}},"_links":{"self":[{"href":"https:\/\/landing.cloud.egactivecosmetics.com\/es\/wp-json\/wp\/v2\/pages\/52","targetHints":{"allow":["GET"]}}],"collection":[{"href":"https:\/\/landing.cloud.egactivecosmetics.com\/es\/wp-json\/wp\/v2\/pages"}],"about":[{"href":"https:\/\/landing.cloud.egactivecosmetics.com\/es\/wp-json\/wp\/v2\/types\/page"}],"author":[{"embeddable":true,"href":"https:\/\/landing.cloud.egactivecosmetics.com\/es\/wp-json\/wp\/v2\/users\/1"}],"replies":[{"embeddable":true,"href":"https:\/\/landing.cloud.egactivecosmetics.com\/es\/wp-json\/wp\/v2\/comments?post=52"}],"version-history":[{"count":1,"href":"https:\/\/landing.cloud.egactivecosmetics.com\/es\/wp-json\/wp\/v2\/pages\/52\/revisions"}],"predecessor-version":[{"id":53,"href":"https:\/\/landing.cloud.egactivecosmetics.com\/es\/wp-json\/wp\/v2\/pages\/52\/revisions\/53"}],"wp:attachment":[{"href":"https:\/\/landing.cloud.egactivecosmetics.com\/es\/wp-json\/wp\/v2\/media?parent=52"}],"curies":[{"name":"wp","href":"https:\/\/api.w.org\/{rel}","templated":true}]}}