{"id":61,"date":"2023-05-14T06:33:38","date_gmt":"2023-05-14T06:33:38","guid":{"rendered":"https:\/\/landing.cloud.egactivecosmetics.com\/contacto\/"},"modified":"2023-05-15T15:31:54","modified_gmt":"2023-05-15T15:31:54","slug":"contacto","status":"publish","type":"page","link":"https:\/\/landing.cloud.egactivecosmetics.com\/es\/contacto\/","title":{"rendered":"Contacto"},"content":{"rendered":"<p>&nbsp;<\/p>\n<p style=\"text-align: left;\">\u00a1\u00danete a nuestra red de distribuidores de cosm\u00e9tica natural!<\/p>\n<p style=\"text-align: left;\">Te invitamos a colaborar con nosotros. Te ofrecemos productos ecol\u00f3gicos de alta calidad, formaci\u00f3n continuada y la oportunidad de generar atractivos ingresos.<\/p>\n<p style=\"text-align; left;\">Te invitamos a colaborar con nosotros.<\/p>\n<p style=\"text-align: left;\">Rellena el siguiente formulario de contacto y comienza tu viaje hacia el \u00e9xito con nosotros. Estamos encantados de trabajar contigo para llevar la belleza natural a m\u00e1s gente!<\/p>\n<p>&nbsp;<\/p>\n<p>&nbsp;<br \/>\n\n<div class=\"wpcf7 no-js\" id=\"wpcf7-f60-o1\" lang=\"en-US\" dir=\"ltr\">\n<div class=\"screen-reader-response\"><p role=\"status\" aria-live=\"polite\" aria-atomic=\"true\"><\/p> <ul><\/ul><\/div>\n<form action=\"\/es\/wp-json\/wp\/v2\/pages\/61#wpcf7-f60-o1\" method=\"post\" class=\"wpcf7-form init\" aria-label=\"Contact form\" novalidate=\"novalidate\" data-status=\"init\">\n<div style=\"display: none;\">\n<input type=\"hidden\" name=\"_wpcf7\" value=\"60\" \/>\n<input type=\"hidden\" name=\"_wpcf7_version\" value=\"5.7.7\" \/>\n<input type=\"hidden\" name=\"_wpcf7_locale\" value=\"en_US\" \/>\n<input type=\"hidden\" name=\"_wpcf7_unit_tag\" value=\"wpcf7-f60-o1\" \/>\n<input type=\"hidden\" name=\"_wpcf7_container_post\" value=\"0\" \/>\n<input type=\"hidden\" name=\"_wpcf7_posted_data_hash\" value=\"\" \/>\n<\/div>\n<hr \/>\n<div class=\"row\">\n\t<div class=\"col-md-4\">\n\t\t<p><span class=\"wpcf7-form-control-wrap\" data-name=\"your-name\"><input size=\"40\" class=\"wpcf7-form-control wpcf7-text wpcf7-validates-as-required form-control\" aria-required=\"true\" aria-invalid=\"false\" placeholder=\"Nombre (requerido)\" value=\"\" type=\"text\" name=\"your-name\" \/><\/span>\n\t\t<\/p>\n\t<\/div>\n\t<div class=\"col-md-4\">\n\t\t<p><span class=\"wpcf7-form-control-wrap\" data-name=\"your-email\"><input size=\"40\" class=\"wpcf7-form-control wpcf7-text wpcf7-email wpcf7-validates-as-required wpcf7-validates-as-email form-control\" aria-required=\"true\" aria-invalid=\"false\" placeholder=\"Email (requerido)\" value=\"\" type=\"email\" name=\"your-email\" \/><\/span>\n\t\t<\/p>\n\t<\/div>\n\t<div class=\"col-md-4\">\n\t\t<p><span class=\"wpcf7-form-control-wrap\" data-name=\"your-subject\"><input size=\"40\" class=\"wpcf7-form-control wpcf7-text form-control\" aria-invalid=\"false\" placeholder=\"Asunto\" value=\"\" type=\"text\" name=\"your-subject\" \/><\/span>\n\t\t<\/p>\n\t<\/div>\n<\/div><!-- end of .row -->\n<hr \/>\n<div class=\"row\">\n\t<div class=\"col-md-12\">\n\t\t<p><span class=\"wpcf7-form-control-wrap\" data-name=\"your-message\"><textarea cols=\"40\" rows=\"10\" class=\"wpcf7-form-control wpcf7-textarea form-control\" aria-invalid=\"false\" placeholder=\"Mensaje\" name=\"your-message\"><\/textarea><\/span>\n\t\t<\/p>\n\t<\/div>\n<\/div>\n<hr \/>\n<div class=\"row\">\n\t<div class=\"col-md-12\">\n\t\t<p><span class=\"wpcf7-form-control-wrap\" data-name=\"newsletter\"><span class=\"wpcf7-form-control wpcf7-checkbox\"><span class=\"wpcf7-list-item first last\"><label><input type=\"checkbox\" name=\"newsletter[]\" value=\"Deseo recibir comunicaciones de EG Active Cosmetics\" \/><span class=\"wpcf7-list-item-label\">Deseo recibir comunicaciones de EG Active Cosmetics<\/span><\/label><\/span><\/span><\/span>\n\t\t<\/p>\n\t<\/div>\n\t<div class=\"col-md-12\">\n\t\t<p><span class=\"wpcf7-form-control-wrap\" data-name=\"privacy\"><span class=\"wpcf7-form-control wpcf7-acceptance\"><span class=\"wpcf7-list-item\"><label><input type=\"checkbox\" name=\"privacy\" value=\"1\" aria-invalid=\"false\" \/><span class=\"wpcf7-list-item-label\">Acepto la <a href=\"https:\/\/egactivecosmetics.com\/aviso-legal\" target=\"_blank\">pol\u00edtica de privacidad<\/a> de EG Active Cosmetics<\/span><\/label><\/span><\/span><\/span>\n\t\t<\/p>\n\t<\/div>\n<\/div>\n<hr \/>\n<div class=\"row\">\n\t<div class=\"col-sm-12\">\n\t\t<p><input class=\"wpcf7-form-control has-spinner wpcf7-submit btn-block btn btn-primary btn-lg\" type=\"submit\" value=\"Enviar\" \/>\n\t\t<\/p>\n\t<\/div>\n<\/div><p style=\"display: none !important;\"><label>&#916;<textarea name=\"_wpcf7_ak_hp_textarea\" cols=\"45\" rows=\"8\" maxlength=\"100\"><\/textarea><\/label><input type=\"hidden\" id=\"ak_js_1\" name=\"_wpcf7_ak_js\" value=\"101\"\/><script>document.getElementById( \"ak_js_1\" ).setAttribute( \"value\", ( new Date() ).getTime() );<\/script><\/p><div class=\"wpcf7-response-output\" aria-hidden=\"true\"><\/div>\n<\/form>\n<\/div>\n<\/p>\n","protected":false},"excerpt":{"rendered":"<p>&nbsp; \u00a1\u00danete a nuestra red de distribuidores de cosm\u00e9tica natural! Te invitamos a colaborar con nosotros. Te ofrecemos productos ecol\u00f3gicos de alta calidad, formaci\u00f3n continuada y la oportunidad de generar atractivos ingresos. Te invitamos a colaborar con nosotros. Rellena el siguiente formulario de contacto y comienza tu viaje hacia el \u00e9xito con nosotros. Estamos encantados [&hellip;]<\/p>\n","protected":false},"author":1,"featured_media":0,"parent":0,"menu_order":0,"comment_status":"closed","ping_status":"closed","template":"","meta":{"footnotes":""},"class_list":["post-61","page","type-page","status-publish","hentry"],"acf":[],"yoast_head":"<!-- This site is optimized with the Yoast SEO plugin v20.12 - https:\/\/yoast.com\/wordpress\/plugins\/seo\/ -->\n<title>Contacto - EG Active Cloud<\/title>\n<meta name=\"robots\" content=\"index, follow, max-snippet:-1, max-image-preview:large, max-video-preview:-1\" \/>\n<link rel=\"canonical\" href=\"https:\/\/landing.cloud.egactivecosmetics.com\/es\/contacto\/\" \/>\n<meta property=\"og:locale\" content=\"es_ES\" \/>\n<meta property=\"og:type\" content=\"article\" \/>\n<meta property=\"og:title\" content=\"Contacto - EG Active Cloud\" \/>\n<meta property=\"og:description\" content=\"&nbsp; \u00a1\u00danete a nuestra red de distribuidores de cosm\u00e9tica natural! Te invitamos a colaborar con nosotros. Te ofrecemos productos ecol\u00f3gicos de alta calidad, formaci\u00f3n continuada y la oportunidad de generar atractivos ingresos. Te invitamos a colaborar con nosotros. Rellena el siguiente formulario de contacto y comienza tu viaje hacia el \u00e9xito con nosotros. Estamos encantados [&hellip;]\" \/>\n<meta property=\"og:url\" content=\"https:\/\/landing.cloud.egactivecosmetics.com\/es\/contacto\/\" \/>\n<meta property=\"og:site_name\" content=\"EG Active Cloud\" \/>\n<meta property=\"article:modified_time\" content=\"2023-05-15T15:31:54+00:00\" \/>\n<meta name=\"twitter:card\" content=\"summary_large_image\" \/>\n<script type=\"application\/ld+json\" class=\"yoast-schema-graph\">{\"@context\":\"https:\/\/schema.org\",\"@graph\":[{\"@type\":\"WebPage\",\"@id\":\"https:\/\/landing.cloud.egactivecosmetics.com\/es\/contacto\/\",\"url\":\"https:\/\/landing.cloud.egactivecosmetics.com\/es\/contacto\/\",\"name\":\"Contacto - EG Active Cloud\",\"isPartOf\":{\"@id\":\"https:\/\/landing.cloud.egactivecosmetics.com\/#website\"},\"datePublished\":\"2023-05-14T06:33:38+00:00\",\"dateModified\":\"2023-05-15T15:31:54+00:00\",\"breadcrumb\":{\"@id\":\"https:\/\/landing.cloud.egactivecosmetics.com\/es\/contacto\/#breadcrumb\"},\"inLanguage\":\"es-ES\",\"potentialAction\":[{\"@type\":\"ReadAction\",\"target\":[\"https:\/\/landing.cloud.egactivecosmetics.com\/es\/contacto\/\"]}]},{\"@type\":\"BreadcrumbList\",\"@id\":\"https:\/\/landing.cloud.egactivecosmetics.com\/es\/contacto\/#breadcrumb\",\"itemListElement\":[{\"@type\":\"ListItem\",\"position\":1,\"name\":\"Home\",\"item\":\"https:\/\/landing.cloud.egactivecosmetics.com\/es\/home\/\"},{\"@type\":\"ListItem\",\"position\":2,\"name\":\"Contacto\"}]},{\"@type\":\"WebSite\",\"@id\":\"https:\/\/landing.cloud.egactivecosmetics.com\/#website\",\"url\":\"https:\/\/landing.cloud.egactivecosmetics.com\/\",\"name\":\"EG Active Cloud\",\"description\":\"\",\"potentialAction\":[{\"@type\":\"SearchAction\",\"target\":{\"@type\":\"EntryPoint\",\"urlTemplate\":\"https:\/\/landing.cloud.egactivecosmetics.com\/?s={search_term_string}\"},\"query-input\":\"required name=search_term_string\"}],\"inLanguage\":\"es-ES\"}]}<\/script>\n<!-- \/ Yoast SEO plugin. -->","yoast_head_json":{"title":"Contacto - EG Active Cloud","robots":{"index":"index","follow":"follow","max-snippet":"max-snippet:-1","max-image-preview":"max-image-preview:large","max-video-preview":"max-video-preview:-1"},"canonical":"https:\/\/landing.cloud.egactivecosmetics.com\/es\/contacto\/","og_locale":"es_ES","og_type":"article","og_title":"Contacto - EG Active Cloud","og_description":"&nbsp; \u00a1\u00danete a nuestra red de distribuidores de cosm\u00e9tica natural! Te invitamos a colaborar con nosotros. Te ofrecemos productos ecol\u00f3gicos de alta calidad, formaci\u00f3n continuada y la oportunidad de generar atractivos ingresos. Te invitamos a colaborar con nosotros. Rellena el siguiente formulario de contacto y comienza tu viaje hacia el \u00e9xito con nosotros. Estamos encantados [&hellip;]","og_url":"https:\/\/landing.cloud.egactivecosmetics.com\/es\/contacto\/","og_site_name":"EG Active Cloud","article_modified_time":"2023-05-15T15:31:54+00:00","twitter_card":"summary_large_image","schema":{"@context":"https:\/\/schema.org","@graph":[{"@type":"WebPage","@id":"https:\/\/landing.cloud.egactivecosmetics.com\/es\/contacto\/","url":"https:\/\/landing.cloud.egactivecosmetics.com\/es\/contacto\/","name":"Contacto - EG Active Cloud","isPartOf":{"@id":"https:\/\/landing.cloud.egactivecosmetics.com\/#website"},"datePublished":"2023-05-14T06:33:38+00:00","dateModified":"2023-05-15T15:31:54+00:00","breadcrumb":{"@id":"https:\/\/landing.cloud.egactivecosmetics.com\/es\/contacto\/#breadcrumb"},"inLanguage":"es-ES","potentialAction":[{"@type":"ReadAction","target":["https:\/\/landing.cloud.egactivecosmetics.com\/es\/contacto\/"]}]},{"@type":"BreadcrumbList","@id":"https:\/\/landing.cloud.egactivecosmetics.com\/es\/contacto\/#breadcrumb","itemListElement":[{"@type":"ListItem","position":1,"name":"Home","item":"https:\/\/landing.cloud.egactivecosmetics.com\/es\/home\/"},{"@type":"ListItem","position":2,"name":"Contacto"}]},{"@type":"WebSite","@id":"https:\/\/landing.cloud.egactivecosmetics.com\/#website","url":"https:\/\/landing.cloud.egactivecosmetics.com\/","name":"EG Active Cloud","description":"","potentialAction":[{"@type":"SearchAction","target":{"@type":"EntryPoint","urlTemplate":"https:\/\/landing.cloud.egactivecosmetics.com\/?s={search_term_string}"},"query-input":"required name=search_term_string"}],"inLanguage":"es-ES"}]}},"_links":{"self":[{"href":"https:\/\/landing.cloud.egactivecosmetics.com\/es\/wp-json\/wp\/v2\/pages\/61","targetHints":{"allow":["GET"]}}],"collection":[{"href":"https:\/\/landing.cloud.egactivecosmetics.com\/es\/wp-json\/wp\/v2\/pages"}],"about":[{"href":"https:\/\/landing.cloud.egactivecosmetics.com\/es\/wp-json\/wp\/v2\/types\/page"}],"author":[{"embeddable":true,"href":"https:\/\/landing.cloud.egactivecosmetics.com\/es\/wp-json\/wp\/v2\/users\/1"}],"replies":[{"embeddable":true,"href":"https:\/\/landing.cloud.egactivecosmetics.com\/es\/wp-json\/wp\/v2\/comments?post=61"}],"version-history":[{"count":1,"href":"https:\/\/landing.cloud.egactivecosmetics.com\/es\/wp-json\/wp\/v2\/pages\/61\/revisions"}],"predecessor-version":[{"id":62,"href":"https:\/\/landing.cloud.egactivecosmetics.com\/es\/wp-json\/wp\/v2\/pages\/61\/revisions\/62"}],"wp:attachment":[{"href":"https:\/\/landing.cloud.egactivecosmetics.com\/es\/wp-json\/wp\/v2\/media?parent=61"}],"curies":[{"name":"wp","href":"https:\/\/api.w.org\/{rel}","templated":true}]}}